{"id":2,"date":"2019-04-04T12:07:26","date_gmt":"2019-04-04T10:07:26","guid":{"rendered":"http:\/\/www.valeriegutton.com\/?page_id=2"},"modified":"2021-11-14T12:45:47","modified_gmt":"2021-11-14T11:45:47","slug":"enaccueilfraccueil","status":"publish","type":"page","link":"https:\/\/www.valeriegutton.com\/en\/","title":{"rendered":"Accueil"},"content":{"rendered":"\t\t<div data-elementor-type=\"wp-post\" data-elementor-id=\"2\" class=\"elementor elementor-2\">\n\t\t\t\t\t\t<div class=\"elementor-inner\">\n\t\t\t\t<div class=\"elementor-section-wrap\">\n\t\t\t\t\t\t\t\t\t<section class=\"elementor-section elementor-top-section elementor-element elementor-element-11492a0 elementor-section-boxed elementor-section-height-default elementor-section-height-default\" data-id=\"11492a0\" data-element_type=\"section\">\n\t\t\t\t\t\t<div class=\"elementor-container elementor-column-gap-default\">\n\t\t\t\t\t\t\t<div class=\"elementor-row\">\n\t\t\t\t\t<div class=\"elementor-column elementor-col-100 elementor-top-column elementor-element elementor-element-443a6bc\" data-id=\"443a6bc\" data-element_type=\"column\">\n\t\t\t<div class=\"elementor-column-wrap elementor-element-populated\">\n\t\t\t\t\t\t\t<div class=\"elementor-widget-wrap\">\n\t\t\t\t\t\t<div class=\"elementor-element elementor-element-39435a6 elementor-arrows-position-inside elementor-pagination-position-outside elementor-widget elementor-widget-image-carousel\" data-id=\"39435a6\" data-element_type=\"widget\" data-settings=\"{&quot;slides_to_show&quot;:&quot;2&quot;,&quot;slides_to_scroll&quot;:&quot;1&quot;,&quot;autoplay_speed&quot;:2000,&quot;navigation&quot;:&quot;both&quot;,&quot;autoplay&quot;:&quot;yes&quot;,&quot;pause_on_hover&quot;:&quot;yes&quot;,&quot;pause_on_interaction&quot;:&quot;yes&quot;,&quot;infinite&quot;:&quot;yes&quot;,&quot;speed&quot;:500}\" data-widget_type=\"image-carousel.default\">\n\t\t\t\t<div class=\"elementor-widget-container\">\n\t\t\t\t\t<div class=\"elementor-image-carousel-wrapper swiper-container\" dir=\"ltr\">\n\t\t\t<div class=\"elementor-image-carousel swiper-wrapper\">\n\t\t\t\t\t\t\t\t<div class=\"swiper-slide\"><figure class=\"swiper-slide-inner\"><img class=\"swiper-slide-image\" src=\"https:\/\/www.valeriegutton.com\/wp-content\/uploads\/2021\/10\/v-gutton-categorie-tasse3.jpg\" alt=\"v-gutton-categorie-tasse3\" \/><\/figure><\/div><div class=\"swiper-slide\"><figure class=\"swiper-slide-inner\"><img class=\"swiper-slide-image\" src=\"https:\/\/www.valeriegutton.com\/wp-content\/uploads\/2021\/03\/v-gutton-vase-tube.jpg\" alt=\"v-gutton-vase-tube\" \/><\/figure><\/div><div class=\"swiper-slide\"><figure class=\"swiper-slide-inner\"><img class=\"swiper-slide-image\" src=\"https:\/\/www.valeriegutton.com\/wp-content\/uploads\/2021\/10\/v-gutton-categorie-petit-saladier2.jpg\" alt=\"v-gutton-categorie-petit-saladier2\" \/><\/figure><\/div><div class=\"swiper-slide\"><figure class=\"swiper-slide-inner\"><img class=\"swiper-slide-image\" src=\"https:\/\/www.valeriegutton.com\/wp-content\/uploads\/2021\/03\/v-gutton-mug-category.jpg\" alt=\"v-gutton-mug-category\" \/><\/figure><\/div><div class=\"swiper-slide\"><figure class=\"swiper-slide-inner\"><img class=\"swiper-slide-image\" src=\"https:\/\/www.valeriegutton.com\/wp-content\/uploads\/2021\/05\/v-gutton-saladier-categorie.jpg\" alt=\"v-gutton-saladier-categorie\" \/><\/figure><\/div><div class=\"swiper-slide\"><figure class=\"swiper-slide-inner\"><img class=\"swiper-slide-image\" src=\"https:\/\/www.valeriegutton.com\/wp-content\/uploads\/2021\/11\/v-gutton-sculpture-15-11-21-761.jpg\" alt=\"v-gutton-sculpture-15-11-21-761\" \/><\/figure><\/div><div class=\"swiper-slide\"><figure class=\"swiper-slide-inner\"><img class=\"swiper-slide-image\" src=\"https:\/\/www.valeriegutton.com\/wp-content\/uploads\/2021\/11\/v-gutton-sculpture-15-11-21-785.jpg\" alt=\"v-gutton-sculpture-15-11-21-785\" \/><\/figure><\/div>\t\t\t<\/div>\n\t\t\t\t\t\t\t\t\t\t\t\t<div class=\"swiper-pagination\"><\/div>\n\t\t\t\t\t\t\t\t\t\t\t\t\t<div class=\"elementor-swiper-button elementor-swiper-button-prev\">\n\t\t\t\t\t\t<i aria-hidden=\"true\" class=\"eicon-chevron-left\"><\/i>\t\t\t\t\t\t<span class=\"elementor-screen-only\">Previous<\/span>\n\t\t\t\t\t<\/div>\n\t\t\t\t\t<div class=\"elementor-swiper-button elementor-swiper-button-next\">\n\t\t\t\t\t\t<i aria-hidden=\"true\" class=\"eicon-chevron-right\"><\/i>\t\t\t\t\t\t<span class=\"elementor-screen-only\">Next<\/span>\n\t\t\t\t\t<\/div>\n\t\t\t\t\t\t\t\t\t<\/div>\n\t\t\t\t<\/div>\n\t\t\t\t<\/div>\n\t\t\t\t\t\t<\/div>\n\t\t\t\t\t<\/div>\n\t\t<\/div>\n\t\t\t\t\t\t\t\t<\/div>\n\t\t\t\t\t<\/div>\n\t\t<\/section>\n\t\t\t\t<section class=\"elementor-section elementor-top-section elementor-element elementor-element-5f5df6d elementor-section-boxed elementor-section-height-default elementor-section-height-default\" data-id=\"5f5df6d\" data-element_type=\"section\">\n\t\t\t\t\t\t<div class=\"elementor-container elementor-column-gap-default\">\n\t\t\t\t\t\t\t<div class=\"elementor-row\">\n\t\t\t\t\t<div class=\"elementor-column elementor-col-33 elementor-top-column elementor-element elementor-element-dd150ab\" data-id=\"dd150ab\" data-element_type=\"column\">\n\t\t\t<div class=\"elementor-column-wrap elementor-element-populated\">\n\t\t\t\t\t\t\t<div class=\"elementor-widget-wrap\">\n\t\t\t\t\t\t<div class=\"elementor-element elementor-element-1219b4b elementor-position-top elementor-vertical-align-top elementor-widget elementor-widget-image-box\" data-id=\"1219b4b\" data-element_type=\"widget\" data-widget_type=\"image-box.default\">\n\t\t\t\t<div class=\"elementor-widget-container\">\n\t\t\t<div class=\"elementor-image-box-wrapper\"><figure class=\"elementor-image-box-img\"><a href=\"http:\/\/www.valeriegutton.com\/fr\/table\/\"><img width=\"986\" height=\"720\" src=\"https:\/\/www.valeriegutton.com\/wp-content\/uploads\/2019\/04\/tasse-valerie-gutton-floral-rond-etoile-gres-couleur.jpg\" class=\"attachment-full size-full wp-image-163\" alt=\"valerie gutton tasse floral rond etoile gres couleur\" loading=\"lazy\" srcset=\"https:\/\/www.valeriegutton.com\/wp-content\/uploads\/2019\/04\/tasse-valerie-gutton-floral-rond-etoile-gres-couleur.jpg 986w, https:\/\/www.valeriegutton.com\/wp-content\/uploads\/2019\/04\/tasse-valerie-gutton-floral-rond-etoile-gres-couleur-600x438.jpg 600w, https:\/\/www.valeriegutton.com\/wp-content\/uploads\/2019\/04\/tasse-valerie-gutton-floral-rond-etoile-gres-couleur-300x219.jpg 300w, https:\/\/www.valeriegutton.com\/wp-content\/uploads\/2019\/04\/tasse-valerie-gutton-floral-rond-etoile-gres-couleur-768x561.jpg 768w\" sizes=\"(max-width: 986px) 100vw, 986px\" \/><\/a><\/figure><div class=\"elementor-image-box-content\"><h1 class=\"elementor-image-box-title\"><a href=\"http:\/\/www.valeriegutton.com\/fr\/table\/\">La table<\/a><\/h1><\/div><\/div>\t\t<\/div>\n\t\t\t\t<\/div>\n\t\t\t\t<div class=\"elementor-element elementor-element-d4ae4bc elementor-align-center elementor-widget elementor-widget-button\" data-id=\"d4ae4bc\" data-element_type=\"widget\" data-widget_type=\"button.default\">\n\t\t\t\t<div class=\"elementor-widget-container\">\n\t\t\t\t\t<div class=\"elementor-button-wrapper\">\n\t\t\t<a href=\"http:\/\/www.valeriegutton.com\/fr\/table\/\" class=\"elementor-button-link elementor-button elementor-size-xs\" role=\"button\">\n\t\t\t\t\t\t<span class=\"elementor-button-content-wrapper\">\n\t\t\t\t\t\t<span class=\"elementor-button-text\">En savoir plus<\/span>\n\t\t<\/span>\n\t\t\t\t\t<\/a>\n\t\t<\/div>\n\t\t\t\t<\/div>\n\t\t\t\t<\/div>\n\t\t\t\t\t\t<\/div>\n\t\t\t\t\t<\/div>\n\t\t<\/div>\n\t\t\t\t<div class=\"elementor-column elementor-col-33 elementor-top-column elementor-element elementor-element-eae1a14\" data-id=\"eae1a14\" data-element_type=\"column\">\n\t\t\t<div class=\"elementor-column-wrap elementor-element-populated\">\n\t\t\t\t\t\t\t<div class=\"elementor-widget-wrap\">\n\t\t\t\t\t\t<div class=\"elementor-element elementor-element-744ebf5 elementor-position-top elementor-vertical-align-top elementor-widget elementor-widget-image-box\" data-id=\"744ebf5\" data-element_type=\"widget\" data-widget_type=\"image-box.default\">\n\t\t\t\t<div class=\"elementor-widget-container\">\n\t\t\t<div class=\"elementor-image-box-wrapper\"><figure class=\"elementor-image-box-img\"><a href=\"https:\/\/www.valeriegutton.com\/fr\/sculpture\/\"><img width=\"1738\" height=\"2460\" src=\"https:\/\/www.valeriegutton.com\/wp-content\/uploads\/2019\/04\/aplique-valerie-gutton-wall-hanging1.jpg\" class=\"attachment-full size-full wp-image-164\" alt=\"applique valerie gutton ceramique wall hanging\" loading=\"lazy\" srcset=\"https:\/\/www.valeriegutton.com\/wp-content\/uploads\/2019\/04\/aplique-valerie-gutton-wall-hanging1.jpg 1738w, https:\/\/www.valeriegutton.com\/wp-content\/uploads\/2019\/04\/aplique-valerie-gutton-wall-hanging1-600x849.jpg 600w, https:\/\/www.valeriegutton.com\/wp-content\/uploads\/2019\/04\/aplique-valerie-gutton-wall-hanging1-212x300.jpg 212w, https:\/\/www.valeriegutton.com\/wp-content\/uploads\/2019\/04\/aplique-valerie-gutton-wall-hanging1-768x1087.jpg 768w, https:\/\/www.valeriegutton.com\/wp-content\/uploads\/2019\/04\/aplique-valerie-gutton-wall-hanging1-723x1024.jpg 723w\" sizes=\"(max-width: 1738px) 100vw, 1738px\" \/><\/a><\/figure><div class=\"elementor-image-box-content\"><h1 class=\"elementor-image-box-title\"><a href=\"https:\/\/www.valeriegutton.com\/fr\/sculpture\/\">sculpture Murale<\/a><\/h1><\/div><\/div>\t\t<\/div>\n\t\t\t\t<\/div>\n\t\t\t\t<div class=\"elementor-element elementor-element-eb123dc elementor-align-center elementor-widget elementor-widget-button\" data-id=\"eb123dc\" data-element_type=\"widget\" data-widget_type=\"button.default\">\n\t\t\t\t<div class=\"elementor-widget-container\">\n\t\t\t\t\t<div class=\"elementor-button-wrapper\">\n\t\t\t<a href=\"https:\/\/www.valeriegutton.com\/fr\/sculpture\/\" class=\"elementor-button-link elementor-button elementor-size-xs\" role=\"button\">\n\t\t\t\t\t\t<span class=\"elementor-button-content-wrapper\">\n\t\t\t\t\t\t<span class=\"elementor-button-text\">En savoir plus<\/span>\n\t\t<\/span>\n\t\t\t\t\t<\/a>\n\t\t<\/div>\n\t\t\t\t<\/div>\n\t\t\t\t<\/div>\n\t\t\t\t\t\t<\/div>\n\t\t\t\t\t<\/div>\n\t\t<\/div>\n\t\t\t\t<div class=\"elementor-column elementor-col-33 elementor-top-column elementor-element elementor-element-a2c6f5f\" data-id=\"a2c6f5f\" data-element_type=\"column\">\n\t\t\t<div class=\"elementor-column-wrap elementor-element-populated\">\n\t\t\t\t\t\t\t<div class=\"elementor-widget-wrap\">\n\t\t\t\t\t\t<div class=\"elementor-element elementor-element-db57379 elementor-position-top elementor-vertical-align-top elementor-widget elementor-widget-image-box\" data-id=\"db57379\" data-element_type=\"widget\" data-widget_type=\"image-box.default\">\n\t\t\t\t<div class=\"elementor-widget-container\">\n\t\t\t<div class=\"elementor-image-box-wrapper\"><figure class=\"elementor-image-box-img\"><a href=\"https:\/\/www.valeriegutton.com\/fr\/vase-2\/\"><img width=\"825\" height=\"1100\" src=\"https:\/\/www.valeriegutton.com\/wp-content\/uploads\/2019\/04\/vase-valerie-gutton-graver-gres-noir.jpg\" class=\"attachment-full size-full wp-image-257\" alt=\"vase valerie gutton graver gres noir\" loading=\"lazy\" srcset=\"https:\/\/www.valeriegutton.com\/wp-content\/uploads\/2019\/04\/vase-valerie-gutton-graver-gres-noir.jpg 825w, https:\/\/www.valeriegutton.com\/wp-content\/uploads\/2019\/04\/vase-valerie-gutton-graver-gres-noir-600x800.jpg 600w, https:\/\/www.valeriegutton.com\/wp-content\/uploads\/2019\/04\/vase-valerie-gutton-graver-gres-noir-225x300.jpg 225w, https:\/\/www.valeriegutton.com\/wp-content\/uploads\/2019\/04\/vase-valerie-gutton-graver-gres-noir-768x1024.jpg 768w\" sizes=\"(max-width: 825px) 100vw, 825px\" \/><\/a><\/figure><div class=\"elementor-image-box-content\"><h1 class=\"elementor-image-box-title\"><a href=\"https:\/\/www.valeriegutton.com\/fr\/vase-2\/\">Vase<\/a><\/h1><\/div><\/div>\t\t<\/div>\n\t\t\t\t<\/div>\n\t\t\t\t<div class=\"elementor-element elementor-element-025a8f8 elementor-align-center elementor-widget elementor-widget-button\" data-id=\"025a8f8\" data-element_type=\"widget\" data-widget_type=\"button.default\">\n\t\t\t\t<div class=\"elementor-widget-container\">\n\t\t\t\t\t<div class=\"elementor-button-wrapper\">\n\t\t\t<a href=\"https:\/\/www.valeriegutton.com\/fr\/vase-2\/\" class=\"elementor-button-link elementor-button elementor-size-xs\" role=\"button\">\n\t\t\t\t\t\t<span class=\"elementor-button-content-wrapper\">\n\t\t\t\t\t\t<span class=\"elementor-button-text\">En savoir plus<\/span>\n\t\t<\/span>\n\t\t\t\t\t<\/a>\n\t\t<\/div>\n\t\t\t\t<\/div>\n\t\t\t\t<\/div>\n\t\t\t\t\t\t<\/div>\n\t\t\t\t\t<\/div>\n\t\t<\/div>\n\t\t\t\t\t\t\t\t<\/div>\n\t\t\t\t\t<\/div>\n\t\t<\/section>\n\t\t\t\t\t\t\t\t\t<\/div>\n\t\t\t<\/div>\n\t\t\t\t\t<\/div>\n\t\t","protected":false},"excerpt":{"rendered":"<p>v-gutton-categorie-tasse3v-gutton-vase-tubev-gutton-categorie-petit-saladier2v-gutton-mug-categoryv-gutton-saladier-categoriev-gutton-sculpture-15-11-21-761v-gutton-sculpture-15-11-21-785<\/p>\n","protected":false},"author":1,"featured_media":0,"parent":0,"menu_order":0,"comment_status":"closed","ping_status":"closed","template":"","meta":{"spay_email":""},"yoast_head":"<!-- This site is optimized with the Yoast SEO plugin v18.2 - https:\/\/yoast.com\/wordpress\/plugins\/seo\/ -->\n<title>Val\u00e9rie Gutton - c\u00e9ramiques contemporaines - objet - sculpture<\/title>\n<meta name=\"description\" content=\"Des c\u00e9ramiques contemporaines, pour la table et pour la maison, des objets, des sculptures, des objets uniques cr\u00e9\u00e9s par Val\u00e9rie Gutton.\" \/>\n<meta name=\"robots\" content=\"index, follow, max-snippet:-1, max-image-preview:large, max-video-preview:-1\" \/>\n<link rel=\"canonical\" href=\"https:\/\/www.valeriegutton.com\/fr\/\" \/>\n<meta property=\"og:locale\" content=\"en_GB\" \/>\n<meta property=\"og:type\" content=\"article\" \/>\n<meta property=\"og:title\" content=\"Val\u00e9rie Gutton - c\u00e9ramiques contemporaines - objet - sculpture\" \/>\n<meta property=\"og:description\" content=\"Des c\u00e9ramiques contemporaines, pour la table et pour la maison, des objets, des sculptures, des objets uniques cr\u00e9\u00e9s par Val\u00e9rie Gutton.\" \/>\n<meta property=\"og:url\" content=\"https:\/\/www.valeriegutton.com\/fr\/\" \/>\n<meta property=\"og:site_name\" content=\"Val\u00e9rie Gutton\" \/>\n<meta property=\"article:modified_time\" content=\"2021-11-14T11:45:47+00:00\" \/>\n<meta property=\"og:image\" content=\"https:\/\/www.valeriegutton.com\/wp-content\/uploads\/2021\/10\/v-gutton-categorie-tasse3.jpg\" \/>\n<meta name=\"twitter:card\" content=\"summary_large_image\" \/>\n<meta name=\"twitter:label1\" content=\"Estimated reading time\" \/>\n\t<meta name=\"twitter:data1\" content=\"3 minutes\" \/>\n<script type=\"application\/ld+json\" class=\"yoast-schema-graph\">{\"@context\":\"https:\/\/schema.org\",\"@graph\":[{\"@type\":\"WebSite\",\"@id\":\"https:\/\/www.valeriegutton.com\/fr\/#website\",\"url\":\"https:\/\/www.valeriegutton.com\/fr\/\",\"name\":\"Val\u00e9rie Gutton\",\"description\":\"C\u00e9ramiques\",\"potentialAction\":[{\"@type\":\"SearchAction\",\"target\":{\"@type\":\"EntryPoint\",\"urlTemplate\":\"https:\/\/www.valeriegutton.com\/fr\/?s={search_term_string}\"},\"query-input\":\"required name=search_term_string\"}],\"inLanguage\":\"en-GB\"},{\"@type\":\"ImageObject\",\"@id\":\"https:\/\/www.valeriegutton.com\/fr\/#primaryimage\",\"inLanguage\":\"en-GB\",\"url\":\"https:\/\/www.valeriegutton.com\/wp-content\/uploads\/2021\/10\/v-gutton-categorie-tasse3.jpg\",\"contentUrl\":\"https:\/\/www.valeriegutton.com\/wp-content\/uploads\/2021\/10\/v-gutton-categorie-tasse3.jpg\",\"width\":1200,\"height\":1200},{\"@type\":\"WebPage\",\"@id\":\"https:\/\/www.valeriegutton.com\/fr\/#webpage\",\"url\":\"https:\/\/www.valeriegutton.com\/fr\/\",\"name\":\"Val\u00e9rie Gutton - c\u00e9ramiques contemporaines - objet - sculpture\",\"isPartOf\":{\"@id\":\"https:\/\/www.valeriegutton.com\/fr\/#website\"},\"primaryImageOfPage\":{\"@id\":\"https:\/\/www.valeriegutton.com\/fr\/#primaryimage\"},\"datePublished\":\"2019-04-04T10:07:26+00:00\",\"dateModified\":\"2021-11-14T11:45:47+00:00\",\"description\":\"Des c\u00e9ramiques contemporaines, pour la table et pour la maison, des objets, des sculptures, des objets uniques cr\u00e9\u00e9s par Val\u00e9rie Gutton.\",\"breadcrumb\":{\"@id\":\"https:\/\/www.valeriegutton.com\/fr\/#breadcrumb\"},\"inLanguage\":\"en-GB\",\"potentialAction\":[{\"@type\":\"ReadAction\",\"target\":[\"https:\/\/www.valeriegutton.com\/fr\/\"]}]},{\"@type\":\"BreadcrumbList\",\"@id\":\"https:\/\/www.valeriegutton.com\/fr\/#breadcrumb\",\"itemListElement\":[{\"@type\":\"ListItem\",\"position\":1,\"name\":\"Accueil\",\"item\":\"https:\/\/www.valeriegutton.com\/fr\/\"},{\"@type\":\"ListItem\",\"position\":2,\"name\":\"Accueil\"}]}]}<\/script>\n<!-- \/ Yoast SEO plugin. -->","yoast_head_json":{"title":"Val\u00e9rie Gutton - c\u00e9ramiques contemporaines - objet - sculpture","description":"Des c\u00e9ramiques contemporaines, pour la table et pour la maison, des objets, des sculptures, des objets uniques cr\u00e9\u00e9s par Val\u00e9rie Gutton.","robots":{"index":"index","follow":"follow","max-snippet":"max-snippet:-1","max-image-preview":"max-image-preview:large","max-video-preview":"max-video-preview:-1"},"canonical":"https:\/\/www.valeriegutton.com\/fr\/","og_locale":"en_GB","og_type":"article","og_title":"Val\u00e9rie Gutton - c\u00e9ramiques contemporaines - objet - sculpture","og_description":"Des c\u00e9ramiques contemporaines, pour la table et pour la maison, des objets, des sculptures, des objets uniques cr\u00e9\u00e9s par Val\u00e9rie Gutton.","og_url":"https:\/\/www.valeriegutton.com\/fr\/","og_site_name":"Val\u00e9rie Gutton","article_modified_time":"2021-11-14T11:45:47+00:00","og_image":[{"url":"https:\/\/www.valeriegutton.com\/wp-content\/uploads\/2021\/10\/v-gutton-categorie-tasse3.jpg"}],"twitter_card":"summary_large_image","twitter_misc":{"Estimated reading time":"3 minutes"},"schema":{"@context":"https:\/\/schema.org","@graph":[{"@type":"WebSite","@id":"https:\/\/www.valeriegutton.com\/fr\/#website","url":"https:\/\/www.valeriegutton.com\/fr\/","name":"Val\u00e9rie Gutton","description":"C\u00e9ramiques","potentialAction":[{"@type":"SearchAction","target":{"@type":"EntryPoint","urlTemplate":"https:\/\/www.valeriegutton.com\/fr\/?s={search_term_string}"},"query-input":"required name=search_term_string"}],"inLanguage":"en-GB"},{"@type":"ImageObject","@id":"https:\/\/www.valeriegutton.com\/fr\/#primaryimage","inLanguage":"en-GB","url":"https:\/\/www.valeriegutton.com\/wp-content\/uploads\/2021\/10\/v-gutton-categorie-tasse3.jpg","contentUrl":"https:\/\/www.valeriegutton.com\/wp-content\/uploads\/2021\/10\/v-gutton-categorie-tasse3.jpg","width":1200,"height":1200},{"@type":"WebPage","@id":"https:\/\/www.valeriegutton.com\/fr\/#webpage","url":"https:\/\/www.valeriegutton.com\/fr\/","name":"Val\u00e9rie Gutton - c\u00e9ramiques contemporaines - objet - sculpture","isPartOf":{"@id":"https:\/\/www.valeriegutton.com\/fr\/#website"},"primaryImageOfPage":{"@id":"https:\/\/www.valeriegutton.com\/fr\/#primaryimage"},"datePublished":"2019-04-04T10:07:26+00:00","dateModified":"2021-11-14T11:45:47+00:00","description":"Des c\u00e9ramiques contemporaines, pour la table et pour la maison, des objets, des sculptures, des objets uniques cr\u00e9\u00e9s par Val\u00e9rie Gutton.","breadcrumb":{"@id":"https:\/\/www.valeriegutton.com\/fr\/#breadcrumb"},"inLanguage":"en-GB","potentialAction":[{"@type":"ReadAction","target":["https:\/\/www.valeriegutton.com\/fr\/"]}]},{"@type":"BreadcrumbList","@id":"https:\/\/www.valeriegutton.com\/fr\/#breadcrumb","itemListElement":[{"@type":"ListItem","position":1,"name":"Accueil","item":"https:\/\/www.valeriegutton.com\/fr\/"},{"@type":"ListItem","position":2,"name":"Accueil"}]}]}},"_links":{"self":[{"href":"https:\/\/www.valeriegutton.com\/en\/wp-json\/wp\/v2\/pages\/2"}],"collection":[{"href":"https:\/\/www.valeriegutton.com\/en\/wp-json\/wp\/v2\/pages"}],"about":[{"href":"https:\/\/www.valeriegutton.com\/en\/wp-json\/wp\/v2\/types\/page"}],"author":[{"embeddable":true,"href":"https:\/\/www.valeriegutton.com\/en\/wp-json\/wp\/v2\/users\/1"}],"replies":[{"embeddable":true,"href":"https:\/\/www.valeriegutton.com\/en\/wp-json\/wp\/v2\/comments?post=2"}],"version-history":[{"count":72,"href":"https:\/\/www.valeriegutton.com\/en\/wp-json\/wp\/v2\/pages\/2\/revisions"}],"predecessor-version":[{"id":1274,"href":"https:\/\/www.valeriegutton.com\/en\/wp-json\/wp\/v2\/pages\/2\/revisions\/1274"}],"wp:attachment":[{"href":"https:\/\/www.valeriegutton.com\/en\/wp-json\/wp\/v2\/media?parent=2"}],"curies":[{"name":"wp","href":"https:\/\/api.w.org\/{rel}","templated":true}]}}