{"id":119,"date":"2019-04-05T14:58:29","date_gmt":"2019-04-05T12:58:29","guid":{"rendered":"http:\/\/www.valeriegutton.com\/?page_id=119"},"modified":"2019-05-08T16:46:35","modified_gmt":"2019-05-08T14:46:35","slug":"contact","status":"publish","type":"page","link":"https:\/\/www.valeriegutton.com\/fr\/contact\/","title":{"rendered":"Contact"},"content":{"rendered":"\t\t<div data-elementor-type=\"wp-post\" data-elementor-id=\"119\" class=\"elementor elementor-119\">\n\t\t\t\t\t\t<div class=\"elementor-inner\">\n\t\t\t\t<div class=\"elementor-section-wrap\">\n\t\t\t\t\t\t\t\t\t<section class=\"elementor-section elementor-top-section elementor-element elementor-element-37e4045 elementor-section-boxed elementor-section-height-default elementor-section-height-default\" data-id=\"37e4045\" data-element_type=\"section\">\n\t\t\t\t\t\t<div class=\"elementor-container elementor-column-gap-default\">\n\t\t\t\t\t\t\t<div class=\"elementor-row\">\n\t\t\t\t\t<div class=\"elementor-column elementor-col-100 elementor-top-column elementor-element elementor-element-60f89a1\" data-id=\"60f89a1\" data-element_type=\"column\">\n\t\t\t<div class=\"elementor-column-wrap elementor-element-populated\">\n\t\t\t\t\t\t\t<div class=\"elementor-widget-wrap\">\n\t\t\t\t\t\t<div class=\"elementor-element elementor-element-b314c78 elementor-widget elementor-widget-text-editor\" data-id=\"b314c78\" data-element_type=\"widget\" data-widget_type=\"text-editor.default\">\n\t\t\t\t<div class=\"elementor-widget-container\">\n\t\t\t\t\t\t\t\t<div class=\"elementor-text-editor elementor-clearfix\">\n\t\t\t\t<p>Vous pouvez contacter Val\u00e9rie Gutton via ce formulaire.<br \/>L&#8217;Atelier des Turbines, au pied du Pont-canal \u00e0 Briare, est ouvert au public et \u00e0 la vente de mi-mai \u00e0 mi-octobre.<\/p>\t\t\t\t\t<\/div>\n\t\t\t\t\t\t<\/div>\n\t\t\t\t<\/div>\n\t\t\t\t<div class=\"elementor-element elementor-element-2b55c24 elementor-widget elementor-widget-wp-widget-wpforms-widget\" data-id=\"2b55c24\" data-element_type=\"widget\" data-widget_type=\"wp-widget-wpforms-widget.default\">\n\t\t\t\t<div class=\"elementor-widget-container\">\n\t\t\t<div class=\"wpforms-container wpforms-container-full\" id=\"wpforms-122\"><form id=\"wpforms-form-122\" class=\"wpforms-validate wpforms-form\" data-formid=\"122\" method=\"post\" enctype=\"multipart\/form-data\" action=\"\/fr\/wp-json\/wp\/v2\/pages\/119\" data-token=\"49091e4be8e614eee82aa399c2b3ccf9\"><noscript class=\"wpforms-error-noscript\">Veuillez activer JavaScript dans votre navigateur pour remplir ce formulaire.<\/noscript><div class=\"wpforms-field-container\"><div id=\"wpforms-122-field_1-container\" class=\"wpforms-field wpforms-field-text\" data-field-id=\"1\"><label class=\"wpforms-field-label wpforms-label-hide\" for=\"wpforms-122-field_1\">Nom <span class=\"wpforms-required-label\">*<\/span><\/label><input type=\"text\" id=\"wpforms-122-field_1\" class=\"wpforms-field-medium wpforms-field-required\" name=\"wpforms[fields][1]\" placeholder=\"Nom\" required><\/div><div id=\"wpforms-122-field_2-container\" class=\"wpforms-field wpforms-field-text\" data-field-id=\"2\"><label class=\"wpforms-field-label wpforms-label-hide\" for=\"wpforms-122-field_2\">Pr\u00e9nom <span class=\"wpforms-required-label\">*<\/span><\/label><input type=\"text\" id=\"wpforms-122-field_2\" class=\"wpforms-field-medium wpforms-field-required\" name=\"wpforms[fields][2]\" placeholder=\"Pr\u00e9nom\" required><\/div><div id=\"wpforms-122-field_3-container\" class=\"wpforms-field wpforms-field-text\" data-field-id=\"3\"><label class=\"wpforms-field-label wpforms-label-hide\" for=\"wpforms-122-field_3\">Email <span class=\"wpforms-required-label\">*<\/span><\/label><input type=\"text\" id=\"wpforms-122-field_3\" class=\"wpforms-field-medium wpforms-field-required\" name=\"wpforms[fields][3]\" placeholder=\"Email\" required><\/div><div id=\"wpforms-122-field_4-container\" class=\"wpforms-field wpforms-field-select\" data-field-id=\"4\"><label class=\"wpforms-field-label\" for=\"wpforms-122-field_4\">Type de demande<\/label><select id=\"wpforms-122-field_4\" class=\"wpforms-field-medium\" name=\"wpforms[fields][4]\"><option value=\"RDV\"  selected='selected'>RDV<\/option><option value=\"Presse\" >Presse<\/option><option value=\"Vente\" >Vente<\/option><option value=\"Autre\" >Autre<\/option><\/select><\/div><div id=\"wpforms-122-field_5-container\" class=\"wpforms-field wpforms-field-textarea wpforms-one-half wpforms-first\" data-field-id=\"5\"><label class=\"wpforms-field-label\" for=\"wpforms-122-field_5\">Votre message<\/label><textarea id=\"wpforms-122-field_5\" class=\"wpforms-field-small\" name=\"wpforms[fields][5]\" ><\/textarea><\/div><\/div><div class=\"wpforms-field wpforms-field-hp\"><label for=\"wpforms-122-field-hp\" class=\"wpforms-field-label\">Message<\/label><input type=\"text\" name=\"wpforms[hp]\" id=\"wpforms-122-field-hp\" class=\"wpforms-field-medium\"><\/div><div class=\"wpforms-submit-container\"><input type=\"hidden\" name=\"wpforms[id]\" value=\"122\"><input type=\"hidden\" name=\"wpforms[author]\" value=\"1\"><button type=\"submit\" name=\"wpforms[submit]\" id=\"wpforms-submit-122\" class=\"wpforms-submit\" data-alt-text=\"En cours d&#039;envoi...\" data-submit-text=\"Envoyer\" aria-live=\"assertive\" value=\"wpforms-submit\">Envoyer<\/button><\/div><\/form><\/div>  <!-- .wpforms-container -->\t\t<\/div>\n\t\t\t\t<\/div>\n\t\t\t\t<div class=\"elementor-element elementor-element-36cd659 elementor-widget elementor-widget-text-editor\" data-id=\"36cd659\" data-element_type=\"widget\" data-widget_type=\"text-editor.default\">\n\t\t\t\t<div class=\"elementor-widget-container\">\n\t\t\t\t\t\t\t\t<div class=\"elementor-text-editor elementor-clearfix\">\n\t\t\t\t<p>Le plan pour trouver l&#8217;Atelier des Turbines :<\/p>\t\t\t\t\t<\/div>\n\t\t\t\t\t\t<\/div>\n\t\t\t\t<\/div>\n\t\t\t\t<div class=\"elementor-element elementor-element-5d1db4c elementor-widget elementor-widget-google_maps\" data-id=\"5d1db4c\" data-element_type=\"widget\" data-widget_type=\"google_maps.default\">\n\t\t\t\t<div class=\"elementor-widget-container\">\n\t\t\t\t\t<div class=\"elementor-custom-embed\">\n\t\t\t<iframe loading=\"lazy\"\n\t\t\t\t\tsrc=\"https:\/\/maps.google.com\/maps?q=1%20rue%20des%20vignes%2045250%20Briare&#038;t=m&#038;z=10&#038;output=embed&#038;iwloc=near\"\n\t\t\t\t\ttitle=\"1 rue des vignes 45250 Briare\"\n\t\t\t\t\taria-label=\"1 rue des vignes 45250 Briare\"\n\t\t\t><\/iframe>\n\t\t<\/div>\n\t\t\t\t<\/div>\n\t\t\t\t<\/div>\n\t\t\t\t\t\t<\/div>\n\t\t\t\t\t<\/div>\n\t\t<\/div>\n\t\t\t\t\t\t\t\t<\/div>\n\t\t\t\t\t<\/div>\n\t\t<\/section>\n\t\t\t\t\t\t\t\t\t<\/div>\n\t\t\t<\/div>\n\t\t\t\t\t<\/div>\n\t\t","protected":false},"excerpt":{"rendered":"<p>Vous pouvez contacter Val\u00e9rie Gutton via ce formulaire.L&#8217;Atelier des Turbines, au pied du Pont-canal \u00e0 Briare, est ouvert au public et \u00e0 la vente de mi-mai \u00e0 mi-octobre. Le plan pour trouver l&#8217;Atelier des Turbines :<\/p>\n","protected":false},"author":1,"featured_media":0,"parent":0,"menu_order":0,"comment_status":"closed","ping_status":"closed","template":"","meta":{"spay_email":""},"yoast_head":"<!-- This site is optimized with the Yoast SEO plugin v18.2 - https:\/\/yoast.com\/wordpress\/plugins\/seo\/ -->\n<title>Contact - Val\u00e9rie Gutton<\/title>\n<meta name=\"description\" content=\"Contactez Val\u00e9rie Gutton via ce formulaire. A Briare, &quot;L&#039;Atelier des turbines&quot; est ouvert au public et \u00e0 la vente de mi-mai \u00e0 mi-octobre. Voir Plan\" \/>\n<meta name=\"robots\" content=\"index, follow, max-snippet:-1, max-image-preview:large, max-video-preview:-1\" \/>\n<link rel=\"canonical\" href=\"https:\/\/www.valeriegutton.com\/fr\/contact\/\" \/>\n<meta property=\"og:locale\" content=\"fr_FR\" \/>\n<meta property=\"og:type\" content=\"article\" \/>\n<meta property=\"og:title\" content=\"Contact\" \/>\n<meta property=\"og:description\" content=\"Contactez Val\u00e9rie Gutton via ce formulaire. A Briare, &quot;L&#039;Atelier des turbines&quot; est ouvert au public et \u00e0 la vente de mi-mai \u00e0 mi-octobre. Voir Plan\" \/>\n<meta property=\"og:url\" content=\"https:\/\/www.valeriegutton.com\/fr\/contact\/\" \/>\n<meta property=\"og:site_name\" content=\"Val\u00e9rie Gutton\" \/>\n<meta property=\"article:modified_time\" content=\"2019-05-08T14:46:35+00:00\" \/>\n<meta name=\"twitter:card\" content=\"summary_large_image\" \/>\n<script type=\"application\/ld+json\" class=\"yoast-schema-graph\">{\"@context\":\"https:\/\/schema.org\",\"@graph\":[{\"@type\":\"WebSite\",\"@id\":\"https:\/\/www.valeriegutton.com\/en\/#website\",\"url\":\"https:\/\/www.valeriegutton.com\/en\/\",\"name\":\"Val\u00e9rie Gutton\",\"description\":\"C\u00e9ramiques\",\"potentialAction\":[{\"@type\":\"SearchAction\",\"target\":{\"@type\":\"EntryPoint\",\"urlTemplate\":\"https:\/\/www.valeriegutton.com\/en\/?s={search_term_string}\"},\"query-input\":\"required name=search_term_string\"}],\"inLanguage\":\"fr-FR\"},{\"@type\":\"WebPage\",\"@id\":\"https:\/\/www.valeriegutton.com\/fr\/contact\/#webpage\",\"url\":\"https:\/\/www.valeriegutton.com\/fr\/contact\/\",\"name\":\"[:fr]Contact[:] - Val\u00e9rie Gutton\",\"isPartOf\":{\"@id\":\"https:\/\/www.valeriegutton.com\/en\/#website\"},\"datePublished\":\"2019-04-05T12:58:29+00:00\",\"dateModified\":\"2019-05-08T14:46:35+00:00\",\"description\":\"Contactez Val\u00e9rie Gutton via ce formulaire. A Briare, \\\"L'Atelier des turbines\\\" est ouvert au public et \u00e0 la vente de mi-mai \u00e0 mi-octobre. Voir Plan\",\"breadcrumb\":{\"@id\":\"https:\/\/www.valeriegutton.com\/fr\/contact\/#breadcrumb\"},\"inLanguage\":\"fr-FR\",\"potentialAction\":[{\"@type\":\"ReadAction\",\"target\":[\"https:\/\/www.valeriegutton.com\/fr\/contact\/\"]}]},{\"@type\":\"BreadcrumbList\",\"@id\":\"https:\/\/www.valeriegutton.com\/fr\/contact\/#breadcrumb\",\"itemListElement\":[{\"@type\":\"ListItem\",\"position\":1,\"name\":\"Accueil\",\"item\":\"https:\/\/www.valeriegutton.com\/en\/\"},{\"@type\":\"ListItem\",\"position\":2,\"name\":\"Contact\"}]}]}<\/script>\n<!-- \/ Yoast SEO plugin. -->","yoast_head_json":{"title":"Contact - Val\u00e9rie Gutton","description":"Contactez Val\u00e9rie Gutton via ce formulaire. A Briare, \"L'Atelier des turbines\" est ouvert au public et \u00e0 la vente de mi-mai \u00e0 mi-octobre. Voir Plan","robots":{"index":"index","follow":"follow","max-snippet":"max-snippet:-1","max-image-preview":"max-image-preview:large","max-video-preview":"max-video-preview:-1"},"canonical":"https:\/\/www.valeriegutton.com\/fr\/contact\/","og_locale":"fr_FR","og_type":"article","og_title":"[:fr]Contact[:] - Val\u00e9rie Gutton","og_description":"Contactez Val\u00e9rie Gutton via ce formulaire. A Briare, \"L'Atelier des turbines\" est ouvert au public et \u00e0 la vente de mi-mai \u00e0 mi-octobre. Voir Plan","og_url":"https:\/\/www.valeriegutton.com\/fr\/contact\/","og_site_name":"Val\u00e9rie Gutton","article_modified_time":"2019-05-08T14:46:35+00:00","twitter_card":"summary_large_image","schema":{"@context":"https:\/\/schema.org","@graph":[{"@type":"WebSite","@id":"https:\/\/www.valeriegutton.com\/en\/#website","url":"https:\/\/www.valeriegutton.com\/en\/","name":"Val\u00e9rie Gutton","description":"C\u00e9ramiques","potentialAction":[{"@type":"SearchAction","target":{"@type":"EntryPoint","urlTemplate":"https:\/\/www.valeriegutton.com\/en\/?s={search_term_string}"},"query-input":"required name=search_term_string"}],"inLanguage":"fr-FR"},{"@type":"WebPage","@id":"https:\/\/www.valeriegutton.com\/fr\/contact\/#webpage","url":"https:\/\/www.valeriegutton.com\/fr\/contact\/","name":"[:fr]Contact[:] - Val\u00e9rie Gutton","isPartOf":{"@id":"https:\/\/www.valeriegutton.com\/en\/#website"},"datePublished":"2019-04-05T12:58:29+00:00","dateModified":"2019-05-08T14:46:35+00:00","description":"Contactez Val\u00e9rie Gutton via ce formulaire. A Briare, \"L'Atelier des turbines\" est ouvert au public et \u00e0 la vente de mi-mai \u00e0 mi-octobre. Voir Plan","breadcrumb":{"@id":"https:\/\/www.valeriegutton.com\/fr\/contact\/#breadcrumb"},"inLanguage":"fr-FR","potentialAction":[{"@type":"ReadAction","target":["https:\/\/www.valeriegutton.com\/fr\/contact\/"]}]},{"@type":"BreadcrumbList","@id":"https:\/\/www.valeriegutton.com\/fr\/contact\/#breadcrumb","itemListElement":[{"@type":"ListItem","position":1,"name":"Accueil","item":"https:\/\/www.valeriegutton.com\/en\/"},{"@type":"ListItem","position":2,"name":"Contact"}]}]}},"_links":{"self":[{"href":"https:\/\/www.valeriegutton.com\/fr\/wp-json\/wp\/v2\/pages\/119"}],"collection":[{"href":"https:\/\/www.valeriegutton.com\/fr\/wp-json\/wp\/v2\/pages"}],"about":[{"href":"https:\/\/www.valeriegutton.com\/fr\/wp-json\/wp\/v2\/types\/page"}],"author":[{"embeddable":true,"href":"https:\/\/www.valeriegutton.com\/fr\/wp-json\/wp\/v2\/users\/1"}],"replies":[{"embeddable":true,"href":"https:\/\/www.valeriegutton.com\/fr\/wp-json\/wp\/v2\/comments?post=119"}],"version-history":[{"count":12,"href":"https:\/\/www.valeriegutton.com\/fr\/wp-json\/wp\/v2\/pages\/119\/revisions"}],"predecessor-version":[{"id":395,"href":"https:\/\/www.valeriegutton.com\/fr\/wp-json\/wp\/v2\/pages\/119\/revisions\/395"}],"wp:attachment":[{"href":"https:\/\/www.valeriegutton.com\/fr\/wp-json\/wp\/v2\/media?parent=119"}],"curies":[{"name":"wp","href":"https:\/\/api.w.org\/{rel}","templated":true}]}}