{"id":26,"date":"2019-04-04T15:52:27","date_gmt":"2019-04-04T13:52:27","guid":{"rendered":"http:\/\/www.valeriegutton.com\/?page_id=26"},"modified":"2019-09-03T08:04:05","modified_gmt":"2019-09-03T06:04:05","slug":"univers-creatrice-de-ceramiques-contemporaines","status":"publish","type":"page","link":"https:\/\/www.valeriegutton.com\/fr\/univers-creatrice-de-ceramiques-contemporaines\/","title":{"rendered":"About"},"content":{"rendered":"\t\t<div data-elementor-type=\"wp-post\" data-elementor-id=\"26\" class=\"elementor elementor-26\">\n\t\t\t\t\t\t<div class=\"elementor-inner\">\n\t\t\t\t<div class=\"elementor-section-wrap\">\n\t\t\t\t\t\t\t\t\t<section class=\"elementor-section elementor-top-section elementor-element elementor-element-aeaf263 elementor-section-full_width elementor-section-height-default elementor-section-height-default\" data-id=\"aeaf263\" data-element_type=\"section\">\n\t\t\t\t\t\t<div class=\"elementor-container elementor-column-gap-default\">\n\t\t\t\t\t\t\t<div class=\"elementor-row\">\n\t\t\t\t\t<div class=\"elementor-column elementor-col-100 elementor-top-column elementor-element elementor-element-85ff915\" data-id=\"85ff915\" data-element_type=\"column\">\n\t\t\t<div class=\"elementor-column-wrap elementor-element-populated\">\n\t\t\t\t\t\t\t<div class=\"elementor-widget-wrap\">\n\t\t\t\t\t\t<div class=\"elementor-element elementor-element-706e562 elementor-widget elementor-widget-heading\" data-id=\"706e562\" data-element_type=\"widget\" data-widget_type=\"heading.default\">\n\t\t\t\t<div class=\"elementor-widget-container\">\n\t\t\t<h1 class=\"elementor-heading-title elementor-size-default\">des pi\u00e8ces uniques en c\u00e9ramique<\/h1>\t\t<\/div>\n\t\t\t\t<\/div>\n\t\t\t\t<div class=\"elementor-element elementor-element-2998a6e elementor-widget elementor-widget-text-editor\" data-id=\"2998a6e\" data-element_type=\"widget\" data-widget_type=\"text-editor.default\">\n\t\t\t\t<div class=\"elementor-widget-container\">\n\t\t\t\t\t\t\t\t<div class=\"elementor-text-editor elementor-clearfix\">\n\t\t\t\t<p><span class=\"tlid-translation translation\" lang=\"fr\"><span title=\"\">Val\u00e9rie Gutton est install\u00e9e \u00e0 Paris et \u00e0 Briare. Elle travaille actuellement le gr\u00e8s et la porcelaine pour cr\u00e9er des pi\u00e8ces uniques en c\u00e9ramique ; une c\u00e9ramique color\u00e9e, en attachant de l\u2019importance au dessin, aux couleurs, au graphisme, en jouant avec les irr\u00e9gularit\u00e9s, les imperfections, le plaisir de la spontan\u00e9it\u00e9. Elle travaille \u00e9galement le dessin.<\/span><\/span><\/p>\t\t\t\t\t<\/div>\n\t\t\t\t\t\t<\/div>\n\t\t\t\t<\/div>\n\t\t\t\t<div class=\"elementor-element elementor-element-c65c822 elementor-widget elementor-widget-image\" data-id=\"c65c822\" data-element_type=\"widget\" data-settings=\"{&quot;_animation&quot;:&quot;none&quot;}\" data-widget_type=\"image.default\">\n\t\t\t\t<div class=\"elementor-widget-container\">\n\t\t\t\t\t\t\t\t<div class=\"elementor-image\">\n\t\t\t\t\t\t\t\t\t<figure class=\"wp-caption\">\n\t\t\t\t\t\t\t\t\t\t<img src=\"https:\/\/www.valeriegutton.com\/wp-content\/uploads\/2019\/04\/about-valerie-gutton-signature.jpg\" title=\"about-valerie-gutton-signature\" alt=\"about valerie gutton signature\" loading=\"lazy\" \/>\t\t\t\t\t\t\t\t\t\t\t<figcaption class=\"widget-image-caption wp-caption-text\">univers<\/figcaption>\n\t\t\t\t\t\t\t\t\t\t<\/figure>\n\t\t\t\t\t\t\t\t<\/div>\n\t\t\t\t\t\t<\/div>\n\t\t\t\t<\/div>\n\t\t\t\t\t\t<\/div>\n\t\t\t\t\t<\/div>\n\t\t<\/div>\n\t\t\t\t\t\t\t\t<\/div>\n\t\t\t\t\t<\/div>\n\t\t<\/section>\n\t\t\t\t\t\t\t\t\t<\/div>\n\t\t\t<\/div>\n\t\t\t\t\t<\/div>\n\t\t","protected":false},"excerpt":{"rendered":"<p>des pi\u00e8ces uniques en c\u00e9ramique Val\u00e9rie Gutton est install\u00e9e \u00e0 Paris et \u00e0 Briare. Elle travaille actuellement le gr\u00e8s et la porcelaine pour cr\u00e9er des pi\u00e8ces uniques en c\u00e9ramique ; une c\u00e9ramique color\u00e9e, en attachant de l\u2019importance au dessin, aux couleurs, au graphisme, en jouant avec les irr\u00e9gularit\u00e9s, les imperfections, le plaisir de la spontan\u00e9it\u00e9. <a class=\"read-more\" href=\"https:\/\/www.valeriegutton.com\/fr\/univers-creatrice-de-ceramiques-contemporaines\/\">Read More<\/a><\/p>\n","protected":false},"author":1,"featured_media":0,"parent":0,"menu_order":0,"comment_status":"closed","ping_status":"closed","template":"","meta":{"spay_email":""},"yoast_head":"<!-- This site is optimized with the Yoast SEO plugin v18.2 - https:\/\/yoast.com\/wordpress\/plugins\/seo\/ -->\n<title>Univers de la cr\u00e9atrice de c\u00e9ramiques contemporaines - Val\u00e9rie Gutton<\/title>\n<meta name=\"description\" content=\"D\u00e9couvrer l&#039;univers de la cr\u00e9atrice de c\u00e9ramiques contemporaines Val\u00e9rie Gutton. Un univers graphique et color\u00e9, ludique.\" \/>\n<meta name=\"robots\" content=\"index, follow, max-snippet:-1, max-image-preview:large, max-video-preview:-1\" \/>\n<link rel=\"canonical\" href=\"https:\/\/www.valeriegutton.com\/fr\/univers-creatrice-de-ceramiques-contemporaines\/\" \/>\n<meta property=\"og:locale\" content=\"fr_FR\" \/>\n<meta property=\"og:type\" content=\"article\" \/>\n<meta property=\"og:title\" content=\"Univers de la cr\u00e9atrice de c\u00e9ramiques contemporaines - Val\u00e9rie Gutton\" \/>\n<meta property=\"og:description\" content=\"D\u00e9couvrer l&#039;univers de la cr\u00e9atrice de c\u00e9ramiques contemporaines Val\u00e9rie Gutton. Un univers graphique et color\u00e9, ludique.\" \/>\n<meta property=\"og:url\" content=\"https:\/\/www.valeriegutton.com\/fr\/univers-creatrice-de-ceramiques-contemporaines\/\" \/>\n<meta property=\"og:site_name\" content=\"Val\u00e9rie Gutton\" \/>\n<meta property=\"article:modified_time\" content=\"2019-09-03T06:04:05+00:00\" \/>\n<meta property=\"og:image\" content=\"https:\/\/www.valeriegutton.com\/wp-content\/uploads\/2019\/04\/about-valerie-gutton-signature.jpg\" \/>\n<meta name=\"twitter:card\" content=\"summary_large_image\" \/>\n<script type=\"application\/ld+json\" class=\"yoast-schema-graph\">{\"@context\":\"https:\/\/schema.org\",\"@graph\":[{\"@type\":\"WebSite\",\"@id\":\"https:\/\/www.valeriegutton.com\/fr\/#website\",\"url\":\"https:\/\/www.valeriegutton.com\/fr\/\",\"name\":\"Val\u00e9rie Gutton\",\"description\":\"C\u00e9ramiques\",\"potentialAction\":[{\"@type\":\"SearchAction\",\"target\":{\"@type\":\"EntryPoint\",\"urlTemplate\":\"https:\/\/www.valeriegutton.com\/fr\/?s={search_term_string}\"},\"query-input\":\"required name=search_term_string\"}],\"inLanguage\":\"fr-FR\"},{\"@type\":\"ImageObject\",\"@id\":\"https:\/\/www.valeriegutton.com\/fr\/univers-creatrice-de-ceramiques-contemporaines\/#primaryimage\",\"inLanguage\":\"fr-FR\",\"url\":\"https:\/\/www.valeriegutton.com\/wp-content\/uploads\/2019\/04\/about-valerie-gutton-signature.jpg\",\"contentUrl\":\"https:\/\/www.valeriegutton.com\/wp-content\/uploads\/2019\/04\/about-valerie-gutton-signature.jpg\",\"width\":2472,\"height\":1936,\"caption\":\"about valerie gutton signature\"},{\"@type\":\"WebPage\",\"@id\":\"https:\/\/www.valeriegutton.com\/fr\/univers-creatrice-de-ceramiques-contemporaines\/#webpage\",\"url\":\"https:\/\/www.valeriegutton.com\/fr\/univers-creatrice-de-ceramiques-contemporaines\/\",\"name\":\"Univers de la cr\u00e9atrice de c\u00e9ramiques contemporaines - Val\u00e9rie Gutton\",\"isPartOf\":{\"@id\":\"https:\/\/www.valeriegutton.com\/fr\/#website\"},\"primaryImageOfPage\":{\"@id\":\"https:\/\/www.valeriegutton.com\/fr\/univers-creatrice-de-ceramiques-contemporaines\/#primaryimage\"},\"datePublished\":\"2019-04-04T13:52:27+00:00\",\"dateModified\":\"2019-09-03T06:04:05+00:00\",\"description\":\"D\u00e9couvrer l'univers de la cr\u00e9atrice de c\u00e9ramiques contemporaines Val\u00e9rie Gutton. Un univers graphique et color\u00e9, ludique.\",\"breadcrumb\":{\"@id\":\"https:\/\/www.valeriegutton.com\/fr\/univers-creatrice-de-ceramiques-contemporaines\/#breadcrumb\"},\"inLanguage\":\"fr-FR\",\"potentialAction\":[{\"@type\":\"ReadAction\",\"target\":[\"https:\/\/www.valeriegutton.com\/fr\/univers-creatrice-de-ceramiques-contemporaines\/\"]}]},{\"@type\":\"BreadcrumbList\",\"@id\":\"https:\/\/www.valeriegutton.com\/fr\/univers-creatrice-de-ceramiques-contemporaines\/#breadcrumb\",\"itemListElement\":[{\"@type\":\"ListItem\",\"position\":1,\"name\":\"Accueil\",\"item\":\"https:\/\/www.valeriegutton.com\/fr\/\"},{\"@type\":\"ListItem\",\"position\":2,\"name\":\"About\"}]}]}<\/script>\n<!-- \/ Yoast SEO plugin. -->","yoast_head_json":{"title":"Univers de la cr\u00e9atrice de c\u00e9ramiques contemporaines - Val\u00e9rie Gutton","description":"D\u00e9couvrer l'univers de la cr\u00e9atrice de c\u00e9ramiques contemporaines Val\u00e9rie Gutton. Un univers graphique et color\u00e9, ludique.","robots":{"index":"index","follow":"follow","max-snippet":"max-snippet:-1","max-image-preview":"max-image-preview:large","max-video-preview":"max-video-preview:-1"},"canonical":"https:\/\/www.valeriegutton.com\/fr\/univers-creatrice-de-ceramiques-contemporaines\/","og_locale":"fr_FR","og_type":"article","og_title":"Univers de la cr\u00e9atrice de c\u00e9ramiques contemporaines - Val\u00e9rie Gutton","og_description":"D\u00e9couvrer l'univers de la cr\u00e9atrice de c\u00e9ramiques contemporaines Val\u00e9rie Gutton. Un univers graphique et color\u00e9, ludique.","og_url":"https:\/\/www.valeriegutton.com\/fr\/univers-creatrice-de-ceramiques-contemporaines\/","og_site_name":"Val\u00e9rie Gutton","article_modified_time":"2019-09-03T06:04:05+00:00","og_image":[{"url":"https:\/\/www.valeriegutton.com\/wp-content\/uploads\/2019\/04\/about-valerie-gutton-signature.jpg"}],"twitter_card":"summary_large_image","schema":{"@context":"https:\/\/schema.org","@graph":[{"@type":"WebSite","@id":"https:\/\/www.valeriegutton.com\/fr\/#website","url":"https:\/\/www.valeriegutton.com\/fr\/","name":"Val\u00e9rie Gutton","description":"C\u00e9ramiques","potentialAction":[{"@type":"SearchAction","target":{"@type":"EntryPoint","urlTemplate":"https:\/\/www.valeriegutton.com\/fr\/?s={search_term_string}"},"query-input":"required name=search_term_string"}],"inLanguage":"fr-FR"},{"@type":"ImageObject","@id":"https:\/\/www.valeriegutton.com\/fr\/univers-creatrice-de-ceramiques-contemporaines\/#primaryimage","inLanguage":"fr-FR","url":"https:\/\/www.valeriegutton.com\/wp-content\/uploads\/2019\/04\/about-valerie-gutton-signature.jpg","contentUrl":"https:\/\/www.valeriegutton.com\/wp-content\/uploads\/2019\/04\/about-valerie-gutton-signature.jpg","width":2472,"height":1936,"caption":"about valerie gutton signature"},{"@type":"WebPage","@id":"https:\/\/www.valeriegutton.com\/fr\/univers-creatrice-de-ceramiques-contemporaines\/#webpage","url":"https:\/\/www.valeriegutton.com\/fr\/univers-creatrice-de-ceramiques-contemporaines\/","name":"Univers de la cr\u00e9atrice de c\u00e9ramiques contemporaines - Val\u00e9rie Gutton","isPartOf":{"@id":"https:\/\/www.valeriegutton.com\/fr\/#website"},"primaryImageOfPage":{"@id":"https:\/\/www.valeriegutton.com\/fr\/univers-creatrice-de-ceramiques-contemporaines\/#primaryimage"},"datePublished":"2019-04-04T13:52:27+00:00","dateModified":"2019-09-03T06:04:05+00:00","description":"D\u00e9couvrer l'univers de la cr\u00e9atrice de c\u00e9ramiques contemporaines Val\u00e9rie Gutton. Un univers graphique et color\u00e9, ludique.","breadcrumb":{"@id":"https:\/\/www.valeriegutton.com\/fr\/univers-creatrice-de-ceramiques-contemporaines\/#breadcrumb"},"inLanguage":"fr-FR","potentialAction":[{"@type":"ReadAction","target":["https:\/\/www.valeriegutton.com\/fr\/univers-creatrice-de-ceramiques-contemporaines\/"]}]},{"@type":"BreadcrumbList","@id":"https:\/\/www.valeriegutton.com\/fr\/univers-creatrice-de-ceramiques-contemporaines\/#breadcrumb","itemListElement":[{"@type":"ListItem","position":1,"name":"Accueil","item":"https:\/\/www.valeriegutton.com\/fr\/"},{"@type":"ListItem","position":2,"name":"About"}]}]}},"_links":{"self":[{"href":"https:\/\/www.valeriegutton.com\/fr\/wp-json\/wp\/v2\/pages\/26"}],"collection":[{"href":"https:\/\/www.valeriegutton.com\/fr\/wp-json\/wp\/v2\/pages"}],"about":[{"href":"https:\/\/www.valeriegutton.com\/fr\/wp-json\/wp\/v2\/types\/page"}],"author":[{"embeddable":true,"href":"https:\/\/www.valeriegutton.com\/fr\/wp-json\/wp\/v2\/users\/1"}],"replies":[{"embeddable":true,"href":"https:\/\/www.valeriegutton.com\/fr\/wp-json\/wp\/v2\/comments?post=26"}],"version-history":[{"count":21,"href":"https:\/\/www.valeriegutton.com\/fr\/wp-json\/wp\/v2\/pages\/26\/revisions"}],"predecessor-version":[{"id":399,"href":"https:\/\/www.valeriegutton.com\/fr\/wp-json\/wp\/v2\/pages\/26\/revisions\/399"}],"wp:attachment":[{"href":"https:\/\/www.valeriegutton.com\/fr\/wp-json\/wp\/v2\/media?parent=26"}],"curies":[{"name":"wp","href":"https:\/\/api.w.org\/{rel}","templated":true}]}}