{"id":35,"date":"2019-04-05T09:51:24","date_gmt":"2019-04-05T07:51:24","guid":{"rendered":"http:\/\/www.valeriegutton.com\/?page_id=35"},"modified":"2021-03-13T12:20:34","modified_gmt":"2021-03-13T11:20:34","slug":"atelier-briare-pont-canal","status":"publish","type":"page","link":"https:\/\/www.valeriegutton.com\/fr\/atelier-briare-pont-canal\/","title":{"rendered":"Atelier"},"content":{"rendered":"\t\t<div data-elementor-type=\"wp-post\" data-elementor-id=\"35\" class=\"elementor elementor-35\">\n\t\t\t\t\t\t<div class=\"elementor-inner\">\n\t\t\t\t<div class=\"elementor-section-wrap\">\n\t\t\t\t\t\t\t\t\t<section class=\"elementor-section elementor-top-section elementor-element elementor-element-3d9466b elementor-section-boxed elementor-section-height-default elementor-section-height-default\" data-id=\"3d9466b\" data-element_type=\"section\">\n\t\t\t\t\t\t<div class=\"elementor-container elementor-column-gap-default\">\n\t\t\t\t\t\t\t<div class=\"elementor-row\">\n\t\t\t\t\t<div class=\"elementor-column elementor-col-100 elementor-top-column elementor-element elementor-element-9c08d0c\" data-id=\"9c08d0c\" data-element_type=\"column\">\n\t\t\t<div class=\"elementor-column-wrap elementor-element-populated\">\n\t\t\t\t\t\t\t<div class=\"elementor-widget-wrap\">\n\t\t\t\t\t\t<div class=\"elementor-element elementor-element-f8ec548 elementor-widget elementor-widget-heading\" data-id=\"f8ec548\" data-element_type=\"widget\" data-widget_type=\"heading.default\">\n\t\t\t\t<div class=\"elementor-widget-container\">\n\t\t\t<h1 class=\"elementor-heading-title elementor-size-medium\">\u00e0 Briare au pied du pont-canal<br><\/h1>\t\t<\/div>\n\t\t\t\t<\/div>\n\t\t\t\t<div class=\"elementor-element elementor-element-088dbd5 elementor-widget elementor-widget-text-editor\" data-id=\"088dbd5\" data-element_type=\"widget\" data-widget_type=\"text-editor.default\">\n\t\t\t\t<div class=\"elementor-widget-container\">\n\t\t\t\t\t\t\t\t<div class=\"elementor-text-editor elementor-clearfix\">\n\t\t\t\t<p><span style=\"color: #4f4f4f; font-family: Roboto Condensed, Helvetica Neue, sans-serif;\"><span style=\"caret-color: #4f4f4f;\">L\u2019atelier est \u00e0 Briare, au pied du Pont canal. Il est ouvert pendant la saison estivale, de mai \u00e0 octobre. Vous pourrez y d\u00e9couvrir les c\u00e9ramiques de Val\u00e9rie Gutton.\u00a0<\/span><\/span><span style=\"font-size: 14px; font-style: normal; caret-color: #4f4f4f; color: #4f4f4f; font-family: 'Roboto Condensed', 'Helvetica Neue', sans-serif;\">Le reste de l&#8217;ann\u00e9e, vous\u00a0<\/span><span style=\"font-size: 14px; color: #4f4f4f; font-family: 'Roboto Condensed', 'Helvetica Neue', sans-serif;\">pouvez la \u00a0contacter par mail pour prendre rendez-vous.\u00a0<\/span><\/p>\t\t\t\t\t<\/div>\n\t\t\t\t\t\t<\/div>\n\t\t\t\t<\/div>\n\t\t\t\t<div class=\"elementor-element elementor-element-aa22e98 elementor-arrows-position-outside elementor-pagination-position-outside elementor-widget elementor-widget-image-carousel\" data-id=\"aa22e98\" data-element_type=\"widget\" data-settings=\"{&quot;slides_to_show&quot;:&quot;5&quot;,&quot;slides_to_show_mobile&quot;:&quot;2&quot;,&quot;slides_to_scroll&quot;:&quot;2&quot;,&quot;slides_to_scroll_mobile&quot;:&quot;2&quot;,&quot;autoplay_speed&quot;:2000,&quot;image_spacing_custom&quot;:{&quot;unit&quot;:&quot;px&quot;,&quot;size&quot;:4,&quot;sizes&quot;:[]},&quot;navigation&quot;:&quot;both&quot;,&quot;autoplay&quot;:&quot;yes&quot;,&quot;pause_on_hover&quot;:&quot;yes&quot;,&quot;pause_on_interaction&quot;:&quot;yes&quot;,&quot;infinite&quot;:&quot;yes&quot;,&quot;speed&quot;:500}\" data-widget_type=\"image-carousel.default\">\n\t\t\t\t<div class=\"elementor-widget-container\">\n\t\t\t\t\t<div class=\"elementor-image-carousel-wrapper swiper-container\" dir=\"ltr\">\n\t\t\t<div class=\"elementor-image-carousel swiper-wrapper\">\n\t\t\t\t\t\t\t\t<div class=\"swiper-slide\"><a data-elementor-open-lightbox=\"yes\" data-elementor-lightbox-slideshow=\"aa22e98\" data-elementor-lightbox-title=\"atelier-valerie-gutton-exterieur\" e-action-hash=\"#elementor-action%3Aaction%3Dlightbox%26settings%3DeyJpZCI6MjQwLCJ1cmwiOiJodHRwczpcL1wvd3d3LnZhbGVyaWVndXR0b24uY29tXC93cC1jb250ZW50XC91cGxvYWRzXC8yMDE5XC8wNFwvYXRlbGllci12YWxlcmllLWd1dHRvbi1leHRlcmlldXItc2NhbGVkLmpwZyIsInNsaWRlc2hvdyI6ImFhMjJlOTgifQ%3D%3D\" href=\"https:\/\/www.valeriegutton.com\/wp-content\/uploads\/2019\/04\/atelier-valerie-gutton-exterieur-scaled.jpg\"><figure class=\"swiper-slide-inner\"><img class=\"swiper-slide-image\" src=\"https:\/\/www.valeriegutton.com\/wp-content\/uploads\/elementor\/thumbs\/atelier-valerie-gutton-exterieur-scaled-oz7wrrhcqlr0trd74as92g2l0te7f90vqnjtxxplmg.jpg\" alt=\"atelier valerie gutton exterieur\" \/><\/figure><\/a><\/div><div class=\"swiper-slide\"><a data-elementor-open-lightbox=\"yes\" data-elementor-lightbox-slideshow=\"aa22e98\" data-elementor-lightbox-title=\"atelier-valerie-gutton-bol\" e-action-hash=\"#elementor-action%3Aaction%3Dlightbox%26settings%3DeyJpZCI6MjQ3LCJ1cmwiOiJodHRwczpcL1wvd3d3LnZhbGVyaWVndXR0b24uY29tXC93cC1jb250ZW50XC91cGxvYWRzXC8yMDE5XC8wNFwvYXRlbGllci12YWxlcmllLWd1dHRvbi1ib2xlLXNjYWxlZC5qcGciLCJzbGlkZXNob3ciOiJhYTIyZTk4In0%3D\" href=\"https:\/\/www.valeriegutton.com\/wp-content\/uploads\/2019\/04\/atelier-valerie-gutton-bole-scaled.jpg\"><figure class=\"swiper-slide-inner\"><img class=\"swiper-slide-image\" src=\"https:\/\/www.valeriegutton.com\/wp-content\/uploads\/elementor\/thumbs\/atelier-valerie-gutton-bole-scaled-oz7wo6pgqauqn6k9094d2ukfn10x4ptnky6b710jaw.jpg\" alt=\"atelier valerie gutton bol\" \/><\/figure><\/a><\/div><div class=\"swiper-slide\"><a data-elementor-open-lightbox=\"yes\" data-elementor-lightbox-slideshow=\"aa22e98\" data-elementor-lightbox-title=\"atelier-valerie-gutton-porte\" e-action-hash=\"#elementor-action%3Aaction%3Dlightbox%26settings%3DeyJpZCI6MjQyLCJ1cmwiOiJodHRwczpcL1wvd3d3LnZhbGVyaWVndXR0b24uY29tXC93cC1jb250ZW50XC91cGxvYWRzXC8yMDE5XC8wNFwvYXRlbGllci12YWxlcmllLWd1dHRvbi1wb3J0ZS5qcGciLCJzbGlkZXNob3ciOiJhYTIyZTk4In0%3D\" href=\"https:\/\/www.valeriegutton.com\/wp-content\/uploads\/2019\/04\/atelier-valerie-gutton-porte.jpg\"><figure class=\"swiper-slide-inner\"><img class=\"swiper-slide-image\" src=\"https:\/\/www.valeriegutton.com\/wp-content\/uploads\/elementor\/thumbs\/atelier-valerie-gutton-porte-o98b6tlhg836qixc81acxf4cnnn2c0f120b88objco.jpg\" alt=\"atelier valerie gutton porte\" \/><\/figure><\/a><\/div><div class=\"swiper-slide\"><a data-elementor-open-lightbox=\"yes\" data-elementor-lightbox-slideshow=\"aa22e98\" data-elementor-lightbox-title=\"atelier bijoux-collier-valerie-gutton-ceramique-porcelaine1\" e-action-hash=\"#elementor-action%3Aaction%3Dlightbox%26settings%3DeyJpZCI6MjE5LCJ1cmwiOiJodHRwczpcL1wvd3d3LnZhbGVyaWVndXR0b24uY29tXC93cC1jb250ZW50XC91cGxvYWRzXC8yMDE5XC8wNFwvYmlqb3V4LWNvbGxpZXItdmFsZXJpZS1ndXR0b24tY2VyYW1pcXVlLXBvcmNlbGFpbmUxLXNjYWxlZC5qcGciLCJzbGlkZXNob3ciOiJhYTIyZTk4In0%3D\" href=\"https:\/\/www.valeriegutton.com\/wp-content\/uploads\/2019\/04\/bijoux-collier-valerie-gutton-ceramique-porcelaine1-scaled.jpg\"><figure class=\"swiper-slide-inner\"><img class=\"swiper-slide-image\" src=\"https:\/\/www.valeriegutton.com\/wp-content\/uploads\/elementor\/thumbs\/bijoux-collier-valerie-gutton-ceramique-porcelaine1-scaled-oz7wry282g01313n1vmn1wet6ihrx4r03k48avfuew.jpg\" alt=\"atelier bijoux collier valerie gutton ceramique porcelaine\" \/><\/figure><\/a><\/div><div class=\"swiper-slide\"><a data-elementor-open-lightbox=\"yes\" data-elementor-lightbox-slideshow=\"aa22e98\" data-elementor-lightbox-title=\"atelier-clochette-valerie-gutton-geometrique-porcelaine-couleur\" e-action-hash=\"#elementor-action%3Aaction%3Dlightbox%26settings%3DeyJpZCI6MjEzLCJ1cmwiOiJodHRwczpcL1wvd3d3LnZhbGVyaWVndXR0b24uY29tXC93cC1jb250ZW50XC91cGxvYWRzXC8yMDE5XC8wNFwvY2xvY2hldHRlLXZhbGVyaWUtZ3V0dG9uLWdlb21ldHJpcXVlLXBvcmNlbGFpbmUtY291bGV1cjItc2NhbGVkLmpwZyIsInNsaWRlc2hvdyI6ImFhMjJlOTgifQ%3D%3D\" href=\"https:\/\/www.valeriegutton.com\/wp-content\/uploads\/2019\/04\/clochette-valerie-gutton-geometrique-porcelaine-couleur2-scaled.jpg\"><figure class=\"swiper-slide-inner\"><img class=\"swiper-slide-image\" src=\"https:\/\/www.valeriegutton.com\/wp-content\/uploads\/elementor\/thumbs\/clochette-valerie-gutton-geometrique-porcelaine-couleur2-scaled-oz7ws1tkts56dgy6fx95bvgnk1z8rx5xg2q67za9q0.jpg\" alt=\"atelier clochette valerie gutton geometrique porcelaine couleur\" \/><\/figure><\/a><\/div><div class=\"swiper-slide\"><a data-elementor-open-lightbox=\"yes\" data-elementor-lightbox-slideshow=\"aa22e98\" data-elementor-lightbox-title=\"atelier-valerie-gutton-interieur\" e-action-hash=\"#elementor-action%3Aaction%3Dlightbox%26settings%3DeyJpZCI6MjQxLCJ1cmwiOiJodHRwczpcL1wvd3d3LnZhbGVyaWVndXR0b24uY29tXC93cC1jb250ZW50XC91cGxvYWRzXC8yMDE5XC8wNFwvYXRlbGllci12YWxlcmllLWd1dHRvbi1pbnRlcmlldXItc2NhbGVkLmpwZyIsInNsaWRlc2hvdyI6ImFhMjJlOTgifQ%3D%3D\" href=\"https:\/\/www.valeriegutton.com\/wp-content\/uploads\/2019\/04\/atelier-valerie-gutton-interieur-scaled.jpg\"><figure class=\"swiper-slide-inner\"><img class=\"swiper-slide-image\" src=\"https:\/\/www.valeriegutton.com\/wp-content\/uploads\/elementor\/thumbs\/atelier-valerie-gutton-interieur-scaled-oz7wronu63n5uxhakrkdcys78ns3s5poq9ldi3ts54.jpg\" alt=\"atelier valerie gutton interieur\" \/><\/figure><\/a><\/div><div class=\"swiper-slide\"><a data-elementor-open-lightbox=\"yes\" data-elementor-lightbox-slideshow=\"aa22e98\" data-elementor-lightbox-title=\"atelier-valerie-gutton-test-couleur-gres\" e-action-hash=\"#elementor-action%3Aaction%3Dlightbox%26settings%3DeyJpZCI6MjQzLCJ1cmwiOiJodHRwczpcL1wvd3d3LnZhbGVyaWVndXR0b24uY29tXC93cC1jb250ZW50XC91cGxvYWRzXC8yMDE5XC8wNFwvYXRlbGllci12YWxlcmllLWd1dHRvbi10ZXN0LWNvdWxldXItZ3Jlcy1zY2FsZWQuanBnIiwic2xpZGVzaG93IjoiYWEyMmU5OCJ9\" href=\"https:\/\/www.valeriegutton.com\/wp-content\/uploads\/2019\/04\/atelier-valerie-gutton-test-couleur-gres-scaled.jpg\"><figure class=\"swiper-slide-inner\"><img class=\"swiper-slide-image\" src=\"https:\/\/www.valeriegutton.com\/wp-content\/uploads\/elementor\/thumbs\/atelier-valerie-gutton-test-couleur-gres-scaled-oz7wrlublljaw3le18chnhhtgi6052ehpvmx29xyns.jpg\" alt=\"atelier valerie gutton test couleur gres\" \/><\/figure><\/a><\/div><div class=\"swiper-slide\"><a data-elementor-open-lightbox=\"yes\" data-elementor-lightbox-slideshow=\"aa22e98\" data-elementor-lightbox-title=\"tableau-valerie-gutton-couleur-gres-noir\" e-action-hash=\"#elementor-action%3Aaction%3Dlightbox%26settings%3DeyJpZCI6MjE0LCJ1cmwiOiJodHRwczpcL1wvd3d3LnZhbGVyaWVndXR0b24uY29tXC93cC1jb250ZW50XC91cGxvYWRzXC8yMDE5XC8wNFwvdGFibGVhdS12YWxlcmllLWd1dHRvbi1jb3VsZXVyLWdyZXMtbm9pci1zY2FsZWQuanBnIiwic2xpZGVzaG93IjoiYWEyMmU5OCJ9\" href=\"https:\/\/www.valeriegutton.com\/wp-content\/uploads\/2019\/04\/tableau-valerie-gutton-couleur-gres-noir-scaled.jpg\"><figure class=\"swiper-slide-inner\"><img class=\"swiper-slide-image\" src=\"https:\/\/www.valeriegutton.com\/wp-content\/uploads\/elementor\/thumbs\/tableau-valerie-gutton-couleur-gres-noir-scaled-oz7wrzxwg42lq90wqwfw6vxqda8iciygrtf79fd22g.jpg\" alt=\"tableau valerie gutton couleur gres noir\" \/><\/figure><\/a><\/div><div class=\"swiper-slide\"><a data-elementor-open-lightbox=\"yes\" data-elementor-lightbox-slideshow=\"aa22e98\" data-elementor-lightbox-title=\"atelier-valerie-gutton-vaisselle-gres-couleur\" e-action-hash=\"#elementor-action%3Aaction%3Dlightbox%26settings%3DeyJpZCI6MjQ1LCJ1cmwiOiJodHRwczpcL1wvd3d3LnZhbGVyaWVndXR0b24uY29tXC93cC1jb250ZW50XC91cGxvYWRzXC8yMDE5XC8wNFwvYXRlbGllci12YWxlcmllLWd1dHRvbi12YWlzc2VsbGUtZ3Jlcy1jb3VsZXVyLXNjYWxlZC5qcGciLCJzbGlkZXNob3ciOiJhYTIyZTk4In0%3D\" href=\"https:\/\/www.valeriegutton.com\/wp-content\/uploads\/2019\/04\/atelier-valerie-gutton-vaisselle-gres-couleur-scaled.jpg\"><figure class=\"swiper-slide-inner\"><img class=\"swiper-slide-image\" src=\"https:\/\/www.valeriegutton.com\/wp-content\/uploads\/elementor\/thumbs\/atelier-valerie-gutton-vaisselle-gres-couleur-scaled-oz7wo9izasylm0g5jsc8sbutf6n0rt4ulc4rmuwcs8.jpg\" alt=\"atelier valerie gutton vaisselle gres couleur\" \/><\/figure><\/a><\/div><div class=\"swiper-slide\"><a data-elementor-open-lightbox=\"yes\" data-elementor-lightbox-slideshow=\"aa22e98\" data-elementor-lightbox-title=\"atelier-valerie-gutton-tableau-noir-porcelaine-gres\" e-action-hash=\"#elementor-action%3Aaction%3Dlightbox%26settings%3DeyJpZCI6MjQ5LCJ1cmwiOiJodHRwczpcL1wvd3d3LnZhbGVyaWVndXR0b24uY29tXC93cC1jb250ZW50XC91cGxvYWRzXC8yMDE5XC8wNFwvYXRlbGllci12YWxlcmllLWd1dHRvbi10YWJsZWF1LW5vaXItcG9yY2VsYWluZS1ncmVzLXNjYWxlZC5qcGciLCJzbGlkZXNob3ciOiJhYTIyZTk4In0%3D\" href=\"https:\/\/www.valeriegutton.com\/wp-content\/uploads\/2019\/04\/atelier-valerie-gutton-tableau-noir-porcelaine-gres-scaled.jpg\"><figure class=\"swiper-slide-inner\"><img class=\"swiper-slide-image\" src=\"https:\/\/www.valeriegutton.com\/wp-content\/uploads\/elementor\/thumbs\/atelier-valerie-gutton-tableau-noir-porcelaine-gres-scaled-oz7wo3vy5sqvococgpwhdda1uvethmigkk7ur74ptk.jpg\" alt=\"atelier valerie gutton tableau noir porcelaine gres\" \/><\/figure><\/a><\/div>\t\t\t<\/div>\n\t\t\t\t\t\t\t\t\t\t\t\t<div class=\"swiper-pagination\"><\/div>\n\t\t\t\t\t\t\t\t\t\t\t\t\t<div class=\"elementor-swiper-button elementor-swiper-button-prev\">\n\t\t\t\t\t\t<i aria-hidden=\"true\" class=\"eicon-chevron-left\"><\/i>\t\t\t\t\t\t<span class=\"elementor-screen-only\">Pr\u00e9c\u00e9dent<\/span>\n\t\t\t\t\t<\/div>\n\t\t\t\t\t<div class=\"elementor-swiper-button elementor-swiper-button-next\">\n\t\t\t\t\t\t<i aria-hidden=\"true\" class=\"eicon-chevron-right\"><\/i>\t\t\t\t\t\t<span class=\"elementor-screen-only\">Suivant<\/span>\n\t\t\t\t\t<\/div>\n\t\t\t\t\t\t\t\t\t<\/div>\n\t\t\t\t<\/div>\n\t\t\t\t<\/div>\n\t\t\t\t\t\t<\/div>\n\t\t\t\t\t<\/div>\n\t\t<\/div>\n\t\t\t\t\t\t\t\t<\/div>\n\t\t\t\t\t<\/div>\n\t\t<\/section>\n\t\t\t\t\t\t\t\t\t<\/div>\n\t\t\t<\/div>\n\t\t\t\t\t<\/div>\n\t\t","protected":false},"excerpt":{"rendered":"<p>atelier-valerie-gutton-exterieuratelier-valerie-gutton-bolatelier-valerie-gutton-porteatelier bijoux-collier-valerie-gutton-ceramique-porcelaine1atelier-clochette-valerie-gutton-geometrique-porcelaine-couleuratelier-valerie-gutton-interieuratelier-valerie-gutton-test-couleur-grestableau-valerie-gutton-couleur-gres-noiratelier-valerie-gutton-vaisselle-gres-couleuratelier-valerie-gutton-tableau-noir-porcelaine-gres<\/p>\n","protected":false},"author":1,"featured_media":0,"parent":0,"menu_order":0,"comment_status":"closed","ping_status":"closed","template":"","meta":{"spay_email":""},"yoast_head":"<!-- This site is optimized with the Yoast SEO plugin v18.2 - https:\/\/yoast.com\/wordpress\/plugins\/seo\/ -->\n<title>Val\u00e9rie Gutton - Atelier de c\u00e9ramique \u00e0 Briare au Pont-canal<\/title>\n<meta name=\"description\" content=\"A l&#039;Atelier des Turbines \u00e0 Briare, au pied du Pont-canal, venez decouvrir, de mai \u00e0 octobre, les c\u00e9ramiques en gr\u00e9s et porcelaine de Val\u00e9rie Gutton.\" \/>\n<meta name=\"robots\" content=\"index, follow, max-snippet:-1, max-image-preview:large, max-video-preview:-1\" \/>\n<link rel=\"canonical\" href=\"https:\/\/www.valeriegutton.com\/fr\/atelier-briare-pont-canal\/\" \/>\n<meta property=\"og:locale\" content=\"fr_FR\" \/>\n<meta property=\"og:type\" content=\"article\" \/>\n<meta property=\"og:title\" content=\"Val\u00e9rie Gutton - Atelier de c\u00e9ramique \u00e0 Briare au Pont-canal\" \/>\n<meta property=\"og:description\" content=\"A l&#039;Atelier des Turbines \u00e0 Briare, au pied du Pont-canal, venez decouvrir, de mai \u00e0 octobre, les c\u00e9ramiques en gr\u00e9s et porcelaine de Val\u00e9rie Gutton.\" \/>\n<meta property=\"og:url\" content=\"https:\/\/www.valeriegutton.com\/fr\/atelier-briare-pont-canal\/\" \/>\n<meta property=\"og:site_name\" content=\"Val\u00e9rie Gutton\" \/>\n<meta property=\"article:modified_time\" content=\"2021-03-13T11:20:34+00:00\" \/>\n<meta property=\"og:image\" content=\"https:\/\/www.valeriegutton.com\/wp-content\/uploads\/elementor\/thumbs\/atelier-valerie-gutton-exterieur-scaled-oz7wrrhcqlr0trd74as92g2l0te7f90vqnjtxxplmg.jpg\" \/>\n<meta name=\"twitter:card\" content=\"summary_large_image\" \/>\n<meta name=\"twitter:label1\" content=\"Dur\u00e9e de lecture estim\u00e9e\" \/>\n\t<meta name=\"twitter:data1\" content=\"5 minutes\" \/>\n<script type=\"application\/ld+json\" class=\"yoast-schema-graph\">{\"@context\":\"https:\/\/schema.org\",\"@graph\":[{\"@type\":\"WebSite\",\"@id\":\"https:\/\/www.valeriegutton.com\/fr\/#website\",\"url\":\"https:\/\/www.valeriegutton.com\/fr\/\",\"name\":\"Val\u00e9rie Gutton\",\"description\":\"C\u00e9ramiques\",\"potentialAction\":[{\"@type\":\"SearchAction\",\"target\":{\"@type\":\"EntryPoint\",\"urlTemplate\":\"https:\/\/www.valeriegutton.com\/fr\/?s={search_term_string}\"},\"query-input\":\"required name=search_term_string\"}],\"inLanguage\":\"fr-FR\"},{\"@type\":\"ImageObject\",\"@id\":\"https:\/\/www.valeriegutton.com\/fr\/atelier-briare-pont-canal\/#primaryimage\",\"inLanguage\":\"fr-FR\",\"url\":\"https:\/\/www.valeriegutton.com\/wp-content\/uploads\/elementor\/thumbs\/atelier-valerie-gutton-exterieur-scaled-oz7wrrhcqlr0trd74as92g2l0te7f90vqnjtxxplmg.jpg\",\"contentUrl\":\"https:\/\/www.valeriegutton.com\/wp-content\/uploads\/elementor\/thumbs\/atelier-valerie-gutton-exterieur-scaled-oz7wrrhcqlr0trd74as92g2l0te7f90vqnjtxxplmg.jpg\"},{\"@type\":\"WebPage\",\"@id\":\"https:\/\/www.valeriegutton.com\/fr\/atelier-briare-pont-canal\/#webpage\",\"url\":\"https:\/\/www.valeriegutton.com\/fr\/atelier-briare-pont-canal\/\",\"name\":\"Val\u00e9rie Gutton - Atelier de c\u00e9ramique \u00e0 Briare au Pont-canal\",\"isPartOf\":{\"@id\":\"https:\/\/www.valeriegutton.com\/fr\/#website\"},\"primaryImageOfPage\":{\"@id\":\"https:\/\/www.valeriegutton.com\/fr\/atelier-briare-pont-canal\/#primaryimage\"},\"datePublished\":\"2019-04-05T07:51:24+00:00\",\"dateModified\":\"2021-03-13T11:20:34+00:00\",\"description\":\"A l'Atelier des Turbines \u00e0 Briare, au pied du Pont-canal, venez decouvrir, de mai \u00e0 octobre, les c\u00e9ramiques en gr\u00e9s et porcelaine de Val\u00e9rie Gutton.\",\"breadcrumb\":{\"@id\":\"https:\/\/www.valeriegutton.com\/fr\/atelier-briare-pont-canal\/#breadcrumb\"},\"inLanguage\":\"fr-FR\",\"potentialAction\":[{\"@type\":\"ReadAction\",\"target\":[\"https:\/\/www.valeriegutton.com\/fr\/atelier-briare-pont-canal\/\"]}]},{\"@type\":\"BreadcrumbList\",\"@id\":\"https:\/\/www.valeriegutton.com\/fr\/atelier-briare-pont-canal\/#breadcrumb\",\"itemListElement\":[{\"@type\":\"ListItem\",\"position\":1,\"name\":\"Accueil\",\"item\":\"https:\/\/www.valeriegutton.com\/fr\/\"},{\"@type\":\"ListItem\",\"position\":2,\"name\":\"Atelier\"}]}]}<\/script>\n<!-- \/ Yoast SEO plugin. -->","yoast_head_json":{"title":"Val\u00e9rie Gutton - Atelier de c\u00e9ramique \u00e0 Briare au Pont-canal","description":"A l'Atelier des Turbines \u00e0 Briare, au pied du Pont-canal, venez decouvrir, de mai \u00e0 octobre, les c\u00e9ramiques en gr\u00e9s et porcelaine de Val\u00e9rie Gutton.","robots":{"index":"index","follow":"follow","max-snippet":"max-snippet:-1","max-image-preview":"max-image-preview:large","max-video-preview":"max-video-preview:-1"},"canonical":"https:\/\/www.valeriegutton.com\/fr\/atelier-briare-pont-canal\/","og_locale":"fr_FR","og_type":"article","og_title":"Val\u00e9rie Gutton - Atelier de c\u00e9ramique \u00e0 Briare au Pont-canal","og_description":"A l'Atelier des Turbines \u00e0 Briare, au pied du Pont-canal, venez decouvrir, de mai \u00e0 octobre, les c\u00e9ramiques en gr\u00e9s et porcelaine de Val\u00e9rie Gutton.","og_url":"https:\/\/www.valeriegutton.com\/fr\/atelier-briare-pont-canal\/","og_site_name":"Val\u00e9rie Gutton","article_modified_time":"2021-03-13T11:20:34+00:00","og_image":[{"url":"https:\/\/www.valeriegutton.com\/wp-content\/uploads\/elementor\/thumbs\/atelier-valerie-gutton-exterieur-scaled-oz7wrrhcqlr0trd74as92g2l0te7f90vqnjtxxplmg.jpg"}],"twitter_card":"summary_large_image","twitter_misc":{"Dur\u00e9e de lecture estim\u00e9e":"5 minutes"},"schema":{"@context":"https:\/\/schema.org","@graph":[{"@type":"WebSite","@id":"https:\/\/www.valeriegutton.com\/fr\/#website","url":"https:\/\/www.valeriegutton.com\/fr\/","name":"Val\u00e9rie Gutton","description":"C\u00e9ramiques","potentialAction":[{"@type":"SearchAction","target":{"@type":"EntryPoint","urlTemplate":"https:\/\/www.valeriegutton.com\/fr\/?s={search_term_string}"},"query-input":"required name=search_term_string"}],"inLanguage":"fr-FR"},{"@type":"ImageObject","@id":"https:\/\/www.valeriegutton.com\/fr\/atelier-briare-pont-canal\/#primaryimage","inLanguage":"fr-FR","url":"https:\/\/www.valeriegutton.com\/wp-content\/uploads\/elementor\/thumbs\/atelier-valerie-gutton-exterieur-scaled-oz7wrrhcqlr0trd74as92g2l0te7f90vqnjtxxplmg.jpg","contentUrl":"https:\/\/www.valeriegutton.com\/wp-content\/uploads\/elementor\/thumbs\/atelier-valerie-gutton-exterieur-scaled-oz7wrrhcqlr0trd74as92g2l0te7f90vqnjtxxplmg.jpg"},{"@type":"WebPage","@id":"https:\/\/www.valeriegutton.com\/fr\/atelier-briare-pont-canal\/#webpage","url":"https:\/\/www.valeriegutton.com\/fr\/atelier-briare-pont-canal\/","name":"Val\u00e9rie Gutton - Atelier de c\u00e9ramique \u00e0 Briare au Pont-canal","isPartOf":{"@id":"https:\/\/www.valeriegutton.com\/fr\/#website"},"primaryImageOfPage":{"@id":"https:\/\/www.valeriegutton.com\/fr\/atelier-briare-pont-canal\/#primaryimage"},"datePublished":"2019-04-05T07:51:24+00:00","dateModified":"2021-03-13T11:20:34+00:00","description":"A l'Atelier des Turbines \u00e0 Briare, au pied du Pont-canal, venez decouvrir, de mai \u00e0 octobre, les c\u00e9ramiques en gr\u00e9s et porcelaine de Val\u00e9rie Gutton.","breadcrumb":{"@id":"https:\/\/www.valeriegutton.com\/fr\/atelier-briare-pont-canal\/#breadcrumb"},"inLanguage":"fr-FR","potentialAction":[{"@type":"ReadAction","target":["https:\/\/www.valeriegutton.com\/fr\/atelier-briare-pont-canal\/"]}]},{"@type":"BreadcrumbList","@id":"https:\/\/www.valeriegutton.com\/fr\/atelier-briare-pont-canal\/#breadcrumb","itemListElement":[{"@type":"ListItem","position":1,"name":"Accueil","item":"https:\/\/www.valeriegutton.com\/fr\/"},{"@type":"ListItem","position":2,"name":"Atelier"}]}]}},"_links":{"self":[{"href":"https:\/\/www.valeriegutton.com\/fr\/wp-json\/wp\/v2\/pages\/35"}],"collection":[{"href":"https:\/\/www.valeriegutton.com\/fr\/wp-json\/wp\/v2\/pages"}],"about":[{"href":"https:\/\/www.valeriegutton.com\/fr\/wp-json\/wp\/v2\/types\/page"}],"author":[{"embeddable":true,"href":"https:\/\/www.valeriegutton.com\/fr\/wp-json\/wp\/v2\/users\/1"}],"replies":[{"embeddable":true,"href":"https:\/\/www.valeriegutton.com\/fr\/wp-json\/wp\/v2\/comments?post=35"}],"version-history":[{"count":23,"href":"https:\/\/www.valeriegutton.com\/fr\/wp-json\/wp\/v2\/pages\/35\/revisions"}],"predecessor-version":[{"id":513,"href":"https:\/\/www.valeriegutton.com\/fr\/wp-json\/wp\/v2\/pages\/35\/revisions\/513"}],"wp:attachment":[{"href":"https:\/\/www.valeriegutton.com\/fr\/wp-json\/wp\/v2\/media?parent=35"}],"curies":[{"name":"wp","href":"https:\/\/api.w.org\/{rel}","templated":true}]}}